{"id":101,"date":"2021-04-29T15:10:48","date_gmt":"2021-04-29T13:10:48","guid":{"rendered":"http:\/\/mdreloyes.fr\/?page_id=101"},"modified":"2022-10-20T14:43:22","modified_gmt":"2022-10-20T12:43:22","slug":"accueil","status":"publish","type":"page","link":"https:\/\/mdreloyes.fr\/","title":{"rendered":"Accueil"},"content":{"rendered":"\n<div class=\"wp-block-media-text alignwide is-stacked-on-mobile\"><figure class=\"wp-block-media-text__media\"><img loading=\"lazy\" decoding=\"async\" width=\"991\" height=\"600\" src=\"http:\/\/mdreloyes.fr\/wp-content\/uploads\/2021\/04\/photo_ehpad_eloyes_2.jpg\" alt=\"\" class=\"wp-image-108 size-full\" srcset=\"https:\/\/mdreloyes.fr\/wp-content\/uploads\/2021\/04\/photo_ehpad_eloyes_2.jpg 991w, https:\/\/mdreloyes.fr\/wp-content\/uploads\/2021\/04\/photo_ehpad_eloyes_2-300x182.jpg 300w, https:\/\/mdreloyes.fr\/wp-content\/uploads\/2021\/04\/photo_ehpad_eloyes_2-768x465.jpg 768w\" sizes=\"auto, (max-width: 991px) 100vw, 991px\" \/><\/figure><div class=\"wp-block-media-text__content\">\n<p class=\"has-large-font-size\">Bienvenue sur le site internet de la Maison de Retraite d&rsquo;Eloyes.<\/p>\n\n\n\n<hr class=\"wp-block-separator has-css-opacity\"\/>\n\n\n\n<p style=\"line-height:1.2\">Celui-ci a \u00e9t\u00e9 mis en place afin de transmettre le quotidien de nos r\u00e9sidents, \u00e0 leur famille et amis, sous forme d&rsquo;articles de blog.<\/p>\n\n\n\n<p style=\"line-height:1.2\">De plus, vous y retrouverez des documents utiles, des photos ou encore le menu de la semaine.<\/p>\n\n\n\n<p>Si vous souhaitez prendre contact avec notre \u00e9tablissement, vous trouverez les informations n\u00e9cessaires \u00e0 ce sujet, en bas de cette page.<\/p>\n<\/div><\/div>\n\n\n\n<hr class=\"wp-block-separator has-css-opacity\"\/>\n\n\n\n<div class=\"wp-block-group\"><div class=\"wp-block-group__inner-container is-layout-flow wp-block-group-is-layout-flow\">\n<div class=\"wp-block-columns is-layout-flex wp-container-core-columns-is-layout-9d6595d7 wp-block-columns-is-layout-flex\">\n<div class=\"wp-block-column is-layout-flow wp-block-column-is-layout-flow\" style=\"flex-basis:100%\">\n<div class=\"wp-block-group\"><div class=\"wp-block-group__inner-container is-layout-flow wp-block-group-is-layout-flow\">\n<figure class=\"wp-block-gallery has-nested-images columns-2 is-cropped wp-block-gallery-1 is-layout-flex wp-block-gallery-is-layout-flex\">\n<figure class=\"wp-block-image size-full\"><img loading=\"lazy\" decoding=\"async\" width=\"890\" height=\"592\" data-id=\"226\" src=\"http:\/\/mdreloyes.fr\/wp-content\/uploads\/2021\/05\/mdr-3.jpg\" alt=\"\" class=\"wp-image-226\" srcset=\"https:\/\/mdreloyes.fr\/wp-content\/uploads\/2021\/05\/mdr-3.jpg 890w, https:\/\/mdreloyes.fr\/wp-content\/uploads\/2021\/05\/mdr-3-300x200.jpg 300w, https:\/\/mdreloyes.fr\/wp-content\/uploads\/2021\/05\/mdr-3-768x511.jpg 768w\" sizes=\"auto, (max-width: 890px) 100vw, 890px\" \/><\/figure>\n\n\n\n<figure class=\"wp-block-image size-full\"><img loading=\"lazy\" decoding=\"async\" width=\"290\" height=\"203\" data-id=\"227\" src=\"http:\/\/mdreloyes.fr\/wp-content\/uploads\/2021\/05\/mdr-4.jpg\" alt=\"\" class=\"wp-image-227\"\/><\/figure>\n\n\n\n<figure class=\"wp-block-image size-full is-style-twentytwentyone-image-frame\"><img loading=\"lazy\" decoding=\"async\" width=\"890\" height=\"592\" data-id=\"229\" src=\"http:\/\/mdreloyes.fr\/wp-content\/uploads\/2021\/05\/mdr2-1.jpg\" alt=\"\" class=\"wp-image-229\" srcset=\"https:\/\/mdreloyes.fr\/wp-content\/uploads\/2021\/05\/mdr2-1.jpg 890w, https:\/\/mdreloyes.fr\/wp-content\/uploads\/2021\/05\/mdr2-1-300x200.jpg 300w, https:\/\/mdreloyes.fr\/wp-content\/uploads\/2021\/05\/mdr2-1-768x511.jpg 768w\" sizes=\"auto, (max-width: 890px) 100vw, 890px\" \/><\/figure>\n<\/figure>\n<\/div><\/div>\n<\/div>\n<\/div>\n<\/div><\/div>\n\n\n\n<figure class=\"wp-block-image size-full is-resized\"><img loading=\"lazy\" decoding=\"async\" src=\"http:\/\/mdreloyes.fr\/wp-content\/uploads\/2022\/10\/SAM.bmp\" alt=\"\" class=\"wp-image-821\" width=\"372\" height=\"279\"\/><figcaption>Salle \u00e0 manger<\/figcaption><\/figure>\n\n\n\n<p><\/p>\n\n\n\n<figure class=\"wp-block-image size-full is-resized\"><img loading=\"lazy\" decoding=\"async\" src=\"http:\/\/mdreloyes.fr\/wp-content\/uploads\/2022\/10\/Chambre.bmp\" alt=\"\" class=\"wp-image-822\" width=\"388\" height=\"291\" srcset=\"https:\/\/mdreloyes.fr\/wp-content\/uploads\/2022\/10\/Chambre.bmp 325w, https:\/\/mdreloyes.fr\/wp-content\/uploads\/2022\/10\/Chambre-300x225.jpg 300w\" sizes=\"auto, (max-width: 388px) 100vw, 388px\" \/><figcaption>chambre type<\/figcaption><\/figure>\n\n\n\n<figure class=\"wp-block-image size-full is-resized\"><img loading=\"lazy\" decoding=\"async\" src=\"http:\/\/mdreloyes.fr\/wp-content\/uploads\/2022\/10\/Sans-titre.bmp\" alt=\"\" class=\"wp-image-824\" width=\"391\" height=\"305\"\/><figcaption>Coin d\u00e9tente dans le hall<\/figcaption><\/figure>\n\n\n\n<p><\/p>\n\n\n\n<figure class=\"wp-block-image size-full is-resized\"><img loading=\"lazy\" decoding=\"async\" src=\"http:\/\/mdreloyes.fr\/wp-content\/uploads\/2022\/10\/IMG_2060.bmp\" alt=\"\" class=\"wp-image-826\" width=\"400\" height=\"299\" srcset=\"https:\/\/mdreloyes.fr\/wp-content\/uploads\/2022\/10\/IMG_2060.bmp 640w, https:\/\/mdreloyes.fr\/wp-content\/uploads\/2022\/10\/IMG_2060-300x225.jpg 300w\" sizes=\"auto, (max-width: 400px) 100vw, 400px\" \/><figcaption>Salon dans le hall <\/figcaption><\/figure>\n\n\n\n<p><\/p>\n","protected":false},"excerpt":{"rendered":"","protected":false},"author":1,"featured_media":0,"parent":0,"menu_order":0,"comment_status":"closed","ping_status":"closed","template":"","meta":{"footnotes":""},"class_list":["post-101","page","type-page","status-publish","hentry","entry"],"_links":{"self":[{"href":"https:\/\/mdreloyes.fr\/index.php?rest_route=\/wp\/v2\/pages\/101","targetHints":{"allow":["GET"]}}],"collection":[{"href":"https:\/\/mdreloyes.fr\/index.php?rest_route=\/wp\/v2\/pages"}],"about":[{"href":"https:\/\/mdreloyes.fr\/index.php?rest_route=\/wp\/v2\/types\/page"}],"author":[{"embeddable":true,"href":"https:\/\/mdreloyes.fr\/index.php?rest_route=\/wp\/v2\/users\/1"}],"replies":[{"embeddable":true,"href":"https:\/\/mdreloyes.fr\/index.php?rest_route=%2Fwp%2Fv2%2Fcomments&post=101"}],"version-history":[{"count":15,"href":"https:\/\/mdreloyes.fr\/index.php?rest_route=\/wp\/v2\/pages\/101\/revisions"}],"predecessor-version":[{"id":828,"href":"https:\/\/mdreloyes.fr\/index.php?rest_route=\/wp\/v2\/pages\/101\/revisions\/828"}],"wp:attachment":[{"href":"https:\/\/mdreloyes.fr\/index.php?rest_route=%2Fwp%2Fv2%2Fmedia&parent=101"}],"curies":[{"name":"wp","href":"https:\/\/api.w.org\/{rel}","templated":true}]}}